{"id":362,"date":"2017-02-17T16:36:16","date_gmt":"2017-02-17T16:36:16","guid":{"rendered":"http:\/\/splsr.com.uy\/?page_id=362"},"modified":"2018-10-02T20:02:39","modified_gmt":"2018-10-02T20:02:39","slug":"llamados-cerrados","status":"publish","type":"page","link":"http:\/\/splsr.com.uy\/?page_id=362","title":{"rendered":"Llamados Cerrados"},"content":{"rendered":"<h2 style=\"text-align: center;\"><strong>LLAMADO N\u00b0 2<\/strong><\/h2>\n<p><img decoding=\"async\" loading=\"lazy\" class=\" wp-image-321 aligncenter\" src=\"http:\/\/splsr.com.uy\/wp-content\/uploads\/2016\/11\/FOTO-REPRESA-e1487191527269.jpg\" alt=\"FOTO REPRESA\" width=\"399\" height=\"210\" \/><\/p>\n<p>Se encuentra abierta la convocatoria a empresas para licitaci\u00f3n: Construcci\u00f3n de Represa del Banco de Forraje Pedr\u00edn Parra<\/p>\n<p><a href=\"http:\/\/splsr.com.uy\/wp-content\/uploads\/2017\/02\/PEDIDO-COTIZACION-REPRESA-SPLSR-20170504.pdf\">PEDIDO COTIZACION REPRESA SPLSR 20170504<\/a><\/p>\n<p><a href=\"http:\/\/splsr.com.uy\/wp-content\/uploads\/2017\/02\/LAMINA_1_SAN-RAMON..pdf\">LAMINA_1_SAN RAMON.<\/a><\/p>\n<p><a href=\"http:\/\/splsr.com.uy\/wp-content\/uploads\/2017\/02\/LAMINA_2_SAN-RAMON.pdf\">LAMINA_2_SAN RAMON<\/a><\/p>\n<p>FORO DE CONSULTAS: El siguiente foro tiene por objetivo la publicaci\u00f3n de consultas y respuestas a empresas interesadas en postularse a la licitaci\u00f3n.<\/p>\n<p>(FORO)<\/p>\n<p style=\"text-align: center;\">20170525- <strong>LLAMADO N\u00b0 1<\/strong><\/p>\n<p><img decoding=\"async\" loading=\"lazy\" class=\"wp-image-640 aligncenter\" src=\"http:\/\/splsr.com.uy\/wp-content\/uploads\/2017\/02\/Rastra_Excentric_509972dfa7710.jpg\" alt=\"Rastra_Excentric_509972dfa7710\" width=\"366\" height=\"262\" srcset=\"http:\/\/splsr.com.uy\/wp-content\/uploads\/2017\/02\/Rastra_Excentric_509972dfa7710.jpg 600w, http:\/\/splsr.com.uy\/wp-content\/uploads\/2017\/02\/Rastra_Excentric_509972dfa7710-300x215.jpg 300w\" sizes=\"(max-width: 366px) 100vw, 366px\" \/><\/p>\n<p>Se encuentra abierto llamado a servicios de Exc\u00e9ntrica entre los participantes del Banco de Forraje Pedr\u00edn Parra, para trabajar sobre desperdicios de alfalfa.<\/p>\n<p>Se adjunta hoja de licitaci\u00f3n a presentar en oficina de la Sociedad de Productores de Leche de San Ram\u00f3n.<\/p>\n<p>Plazo: Jueves 25 de mayo de 2017<\/p>\n<p><a href=\"http:\/\/splsr.com.uy\/wp-content\/uploads\/2017\/02\/LICITACION-EXCENTRICA-DESPERDICIOS-ALFALFA-BFPP.pdf\">LICITACION EXCENTRICA DESPERDICIOS ALFALFA BFPP<\/a><\/p>\n<h2 style=\"text-align: center;\"><\/h2>\n","protected":false},"excerpt":{"rendered":"<p>LLAMADO N\u00b0 2 Se encuentra abierta la convocatoria a empresas para licitaci\u00f3n: Construcci\u00f3n de Represa del Banco de Forraje Pedr\u00edn Parra PEDIDO COTIZACION REPRESA SPLSR 20170504 LAMINA_1_SAN RAMON. LAMINA_2_SAN RAMON FORO DE CONSULTAS: El siguiente foro tiene por objetivo la publicaci\u00f3n de consultas y respuestas a empresas interesadas en postularse a la licitaci\u00f3n. (FORO) 20170525- [&hellip;]<\/p>\n","protected":false},"author":1,"featured_media":0,"parent":0,"menu_order":0,"comment_status":"closed","ping_status":"closed","template":"","meta":[],"_links":{"self":[{"href":"http:\/\/splsr.com.uy\/index.php?rest_route=\/wp\/v2\/pages\/362"}],"collection":[{"href":"http:\/\/splsr.com.uy\/index.php?rest_route=\/wp\/v2\/pages"}],"about":[{"href":"http:\/\/splsr.com.uy\/index.php?rest_route=\/wp\/v2\/types\/page"}],"author":[{"embeddable":true,"href":"http:\/\/splsr.com.uy\/index.php?rest_route=\/wp\/v2\/users\/1"}],"replies":[{"embeddable":true,"href":"http:\/\/splsr.com.uy\/index.php?rest_route=%2Fwp%2Fv2%2Fcomments&post=362"}],"version-history":[{"count":0,"href":"http:\/\/splsr.com.uy\/index.php?rest_route=\/wp\/v2\/pages\/362\/revisions"}],"wp:attachment":[{"href":"http:\/\/splsr.com.uy\/index.php?rest_route=%2Fwp%2Fv2%2Fmedia&parent=362"}],"curies":[{"name":"wp","href":"https:\/\/api.w.org\/{rel}","templated":true}]}}