{"id":68,"date":"2016-12-20T01:09:57","date_gmt":"2016-12-20T01:09:57","guid":{"rendered":"http:\/\/splsr.com.uy\/?page_id=68"},"modified":"2017-03-29T20:34:22","modified_gmt":"2017-03-29T20:34:22","slug":"embolsadora","status":"publish","type":"page","link":"http:\/\/splsr.com.uy\/?page_id=68","title":{"rendered":"Embolsadora"},"content":{"rendered":"<p>La Sociedad de Productores de Leche de San Ram\u00f3n ofrece a sus asociados 2 embolsadoras de granos, una de 5 y otra de 6 pies.<\/p>\n<p>Estas embolsadoras adem\u00e1s se han convertido en piezas claves para el desarrollo de la operativa del programa granos.<\/p>\n<p>Los costos para asociados es de US$8 por tonelada embutida, cada familia tiene que proporcionar bolsa y tractor.<\/p>\n<p>Las inscripciones para su utilizaci\u00f3n se realizan en la oficina o a trav\u00e9s del tel\u00e9fono 43123860<\/p>\n","protected":false},"excerpt":{"rendered":"<p>La Sociedad de Productores de Leche de San Ram\u00f3n ofrece a sus asociados 2 embolsadoras de granos, una de 5 y otra de 6 pies. Estas embolsadoras adem\u00e1s se han convertido en piezas claves para el desarrollo de la operativa del programa granos. Los costos para asociados es de US$8 por tonelada embutida, cada familia [&hellip;]<\/p>\n","protected":false},"author":1,"featured_media":370,"parent":0,"menu_order":0,"comment_status":"closed","ping_status":"closed","template":"","meta":[],"_links":{"self":[{"href":"http:\/\/splsr.com.uy\/index.php?rest_route=\/wp\/v2\/pages\/68"}],"collection":[{"href":"http:\/\/splsr.com.uy\/index.php?rest_route=\/wp\/v2\/pages"}],"about":[{"href":"http:\/\/splsr.com.uy\/index.php?rest_route=\/wp\/v2\/types\/page"}],"author":[{"embeddable":true,"href":"http:\/\/splsr.com.uy\/index.php?rest_route=\/wp\/v2\/users\/1"}],"replies":[{"embeddable":true,"href":"http:\/\/splsr.com.uy\/index.php?rest_route=%2Fwp%2Fv2%2Fcomments&post=68"}],"version-history":[{"count":0,"href":"http:\/\/splsr.com.uy\/index.php?rest_route=\/wp\/v2\/pages\/68\/revisions"}],"wp:featuredmedia":[{"embeddable":true,"href":"http:\/\/splsr.com.uy\/index.php?rest_route=\/wp\/v2\/media\/370"}],"wp:attachment":[{"href":"http:\/\/splsr.com.uy\/index.php?rest_route=%2Fwp%2Fv2%2Fmedia&parent=68"}],"curies":[{"name":"wp","href":"https:\/\/api.w.org\/{rel}","templated":true}]}}