{"id":88,"date":"2016-12-20T01:13:42","date_gmt":"2016-12-20T01:13:42","guid":{"rendered":"http:\/\/splsr.com.uy\/?page_id=88"},"modified":"2017-04-20T20:11:14","modified_gmt":"2017-04-20T20:11:14","slug":"grupo-de-mujeres-rurales","status":"publish","type":"page","link":"http:\/\/splsr.com.uy\/?page_id=88","title":{"rendered":"Grupo de Mujeres Rurales"},"content":{"rendered":"<p>El grupo de mujeres Rurales de San Ram\u00f3n surge a ra\u00edz de un convenio entre la Sociedad de Productores de Leche de San Ram\u00f3n y el Centro Auxiliar local, con el objetivo de trabajar con las mujeres del medio rural de zonas aleda\u00f1as a San Ram\u00f3n. A partir de este convenio se realiza un primer llamado a mujeres interesadas en marzo de 2014 que cont\u00f3 con gran convocatoria. Se relevaron algunos temas de inter\u00e9s y a partir de estas demandas en abril, se comenzaron a realizar talleres mensuales abordando las diferentes tem\u00e1ticas que iban siendo solicitadas.<\/p>\n<p>Desde este momento el grupo ha asumido diversos desaf\u00edos, como ela organizaci\u00f3n del Encuentro departamental de Mujeres Rurales<br \/>\nEn el mes de octubre de 2014 con motivo de la celebraci\u00f3n del d\u00eda internacional de la Mujer Rural se realizaron varias actividades como la participaci\u00f3n en los 70 a\u00f1os de la Escuela Agraria, exponiendo el trabajo realizado hasta ese momento, se particip\u00f3 de la fiesta organizada por el grupo de mujeres Rurales de San Bautista y se realiz\u00f3 un taller de g\u00e9nero brindado por la referente de G\u00e9nero de la DGDR. Estas actividades fortalecieron al grupo que se propuso como siguiente meta adem\u00e1s de continuar con los talleres mensuales la realizaci\u00f3n de un arroz con leche gigante para apoyar la centralizaci\u00f3n del ox\u00edgeno del hospital local. En el \u00faltimo a\u00f1o y a partir de la visita de algunas referentes, el grupo se uni\u00f3 a la Red de Grupos de Mujeres Rurales del Uruguay. Desde esta incorporaci\u00f3n, las mujeres han recibido algunas capacitaciones en BPS y Desarrollo Rural. A partir de una de las campa\u00f1as propuestas por la RED \u201cMujeres Rurales con los Ni\u00f1os\u201d, el grupo realiz\u00f3 una jornada en la escuela rural N\u00aa73 donde se realiz\u00f3 un taller acerca de plantaci\u00f3n. Se llevaron diversas hierbas y hortalizas que fueron plantadas por los ni\u00f1os en el predio escolar. Con motivo de la Celebraci\u00f3n del d\u00eda internacional de la Mujer Rural se realiz\u00f3 un video institucional del grupo gracias a la colaboraci\u00f3n del taller de audiovisual de la Escuela T\u00e9cnica Local. \u00c9ste video fue compartido en la celebraci\u00f3n realizada en Rinc\u00f3n del Colorado, instancia por dem\u00e1s enriquecedora para el grupo. A partir de octubre de 2015 el grupo cambi\u00f3 sus lugares de reuni\u00f3n de San Ram\u00f3n a Rinc\u00f3n de Conde, debido a que se entendi\u00f3 pertinente llevar la experiencia a otras mujeres rurales que tienen dificultades para trasladarse hasta la ciudad. La gran participaci\u00f3n de las mujeres de Rinc\u00f3n ha evidenciado la demanda de actividades para mujeres en la zona. Dentro de los talleres realizados por el grupo se encuentran los de primeros Auxilios, G\u00e9nero, Mujeres y Autoestima, Mujeres y Depresi\u00f3n, Mujeres Equilibristas en la Familia, De Madres e Hijas, Miedos, Memoria y Edad, Actitud, Etapas Vitales y Desaf\u00edos, Recreaci\u00f3n, Menopausia.<\/p>\n","protected":false},"excerpt":{"rendered":"<p>El grupo de mujeres Rurales de San Ram\u00f3n surge a ra\u00edz de un convenio entre la Sociedad de Productores de Leche de San Ram\u00f3n y el Centro Auxiliar local, con el objetivo de trabajar con las mujeres del medio rural de zonas aleda\u00f1as a San Ram\u00f3n. A partir de este convenio se realiza un primer [&hellip;]<\/p>\n","protected":false},"author":1,"featured_media":528,"parent":0,"menu_order":0,"comment_status":"closed","ping_status":"closed","template":"","meta":[],"_links":{"self":[{"href":"http:\/\/splsr.com.uy\/index.php?rest_route=\/wp\/v2\/pages\/88"}],"collection":[{"href":"http:\/\/splsr.com.uy\/index.php?rest_route=\/wp\/v2\/pages"}],"about":[{"href":"http:\/\/splsr.com.uy\/index.php?rest_route=\/wp\/v2\/types\/page"}],"author":[{"embeddable":true,"href":"http:\/\/splsr.com.uy\/index.php?rest_route=\/wp\/v2\/users\/1"}],"replies":[{"embeddable":true,"href":"http:\/\/splsr.com.uy\/index.php?rest_route=%2Fwp%2Fv2%2Fcomments&post=88"}],"version-history":[{"count":0,"href":"http:\/\/splsr.com.uy\/index.php?rest_route=\/wp\/v2\/pages\/88\/revisions"}],"wp:featuredmedia":[{"embeddable":true,"href":"http:\/\/splsr.com.uy\/index.php?rest_route=\/wp\/v2\/media\/528"}],"wp:attachment":[{"href":"http:\/\/splsr.com.uy\/index.php?rest_route=%2Fwp%2Fv2%2Fmedia&parent=88"}],"curies":[{"name":"wp","href":"https:\/\/api.w.org\/{rel}","templated":true}]}}