{"id":90,"date":"2016-12-20T01:13:55","date_gmt":"2016-12-20T01:13:55","guid":{"rendered":"http:\/\/splsr.com.uy\/?page_id=90"},"modified":"2017-04-26T15:11:45","modified_gmt":"2017-04-26T15:11:45","slug":"cine-para-ninos","status":"publish","type":"page","link":"http:\/\/splsr.com.uy\/?page_id=90","title":{"rendered":"Cine para Ni\u00f1os"},"content":{"rendered":"<p>Anualmente, en vacaciones de julio, el grupo de j\u00f3venes organiza una jornada recreativa para los ni\u00f1os de la zona, que generalmente no tienen posibilidades de realizar salidas al cine, teatro u otras activaidedes. As\u00ed es que el grupo organiza una actividad con juegos, merienda compartida, disfraces, sorpresas.<br \/>\nHasta el a\u00f1o 2015 el eje central de la jornada hab\u00eda sido el cine, sin embargo, en el 2016 se apost\u00f3 a una propuesta diferente. Un cuenta cuento y un grupo de animaci\u00f3n fueron las principales atracciones de la jornada. \u00c9stas instancias son gratuitas y cuentan con la presencia de toda la familia.<\/p>\n<p>&nbsp;<\/p>\n","protected":false},"excerpt":{"rendered":"<p>Anualmente, en vacaciones de julio, el grupo de j\u00f3venes organiza una jornada recreativa para los ni\u00f1os de la zona, que generalmente no tienen posibilidades de realizar salidas al cine, teatro u otras activaidedes. As\u00ed es que el grupo organiza una actividad con juegos, merienda compartida, disfraces, sorpresas. Hasta el a\u00f1o 2015 el eje central de [&hellip;]<\/p>\n","protected":false},"author":1,"featured_media":400,"parent":0,"menu_order":0,"comment_status":"closed","ping_status":"closed","template":"","meta":[],"_links":{"self":[{"href":"http:\/\/splsr.com.uy\/index.php?rest_route=\/wp\/v2\/pages\/90"}],"collection":[{"href":"http:\/\/splsr.com.uy\/index.php?rest_route=\/wp\/v2\/pages"}],"about":[{"href":"http:\/\/splsr.com.uy\/index.php?rest_route=\/wp\/v2\/types\/page"}],"author":[{"embeddable":true,"href":"http:\/\/splsr.com.uy\/index.php?rest_route=\/wp\/v2\/users\/1"}],"replies":[{"embeddable":true,"href":"http:\/\/splsr.com.uy\/index.php?rest_route=%2Fwp%2Fv2%2Fcomments&post=90"}],"version-history":[{"count":0,"href":"http:\/\/splsr.com.uy\/index.php?rest_route=\/wp\/v2\/pages\/90\/revisions"}],"wp:featuredmedia":[{"embeddable":true,"href":"http:\/\/splsr.com.uy\/index.php?rest_route=\/wp\/v2\/media\/400"}],"wp:attachment":[{"href":"http:\/\/splsr.com.uy\/index.php?rest_route=%2Fwp%2Fv2%2Fmedia&parent=90"}],"curies":[{"name":"wp","href":"https:\/\/api.w.org\/{rel}","templated":true}]}}