{"id":905,"date":"2017-10-17T20:25:01","date_gmt":"2017-10-17T20:25:01","guid":{"rendered":"http:\/\/splsr.com.uy\/?page_id=905"},"modified":"2017-10-17T21:28:26","modified_gmt":"2017-10-17T21:28:26","slug":"anuncios-clasificados","status":"publish","type":"page","link":"http:\/\/splsr.com.uy\/?page_id=905","title":{"rendered":"Anuncios- Clasificados"},"content":{"rendered":"<h2>SPLSR pone a disposici\u00f3n de los socios un espacio virtual de forma gratuita que les permite ponerse en comunicaci\u00f3n mediante Internet para encontrar una forma de vender o comprar servicios o bienes.<\/h2>\n<p>&nbsp;<\/p>\n<p><img decoding=\"async\" loading=\"lazy\" class=\"aligncenter size-large wp-image-914\" src=\"http:\/\/splsr.com.uy\/wp-content\/uploads\/2017\/10\/IMG-20171017-WA0014-1-576x1024.jpg\" alt=\"\" width=\"576\" height=\"1024\" srcset=\"http:\/\/splsr.com.uy\/wp-content\/uploads\/2017\/10\/IMG-20171017-WA0014-1-576x1024.jpg 576w, http:\/\/splsr.com.uy\/wp-content\/uploads\/2017\/10\/IMG-20171017-WA0014-1-169x300.jpg 169w, http:\/\/splsr.com.uy\/wp-content\/uploads\/2017\/10\/IMG-20171017-WA0014-1-768x1365.jpg 768w, http:\/\/splsr.com.uy\/wp-content\/uploads\/2017\/10\/IMG-20171017-WA0014-1.jpg 900w\" sizes=\"(max-width: 576px) 100vw, 576px\" \/><\/p>\n<hr \/>\n<h3><strong> Venta Sembradora Semeato- Siembra Directa (Ma\u00edz, soja y sorgo) Consulta cel.:099 080 415<\/strong><br \/>\n<img decoding=\"async\" loading=\"lazy\" class=\"aligncenter size-large wp-image-906\" src=\"http:\/\/splsr.com.uy\/wp-content\/uploads\/2017\/10\/IMG-20171010-WA0005-1024x576.jpg\" alt=\"\" width=\"640\" height=\"360\" srcset=\"http:\/\/splsr.com.uy\/wp-content\/uploads\/2017\/10\/IMG-20171010-WA0005-1024x576.jpg 1024w, http:\/\/splsr.com.uy\/wp-content\/uploads\/2017\/10\/IMG-20171010-WA0005-300x169.jpg 300w, http:\/\/splsr.com.uy\/wp-content\/uploads\/2017\/10\/IMG-20171010-WA0005-768x432.jpg 768w, http:\/\/splsr.com.uy\/wp-content\/uploads\/2017\/10\/IMG-20171010-WA0005.jpg 1600w\" sizes=\"(max-width: 640px) 100vw, 640px\" \/><br \/>\n<img decoding=\"async\" loading=\"lazy\" class=\"aligncenter size-large wp-image-908\" src=\"http:\/\/splsr.com.uy\/wp-content\/uploads\/2017\/10\/IMG-20171010-WA0007-1024x576.jpg\" alt=\"\" width=\"640\" height=\"360\" srcset=\"http:\/\/splsr.com.uy\/wp-content\/uploads\/2017\/10\/IMG-20171010-WA0007-1024x576.jpg 1024w, http:\/\/splsr.com.uy\/wp-content\/uploads\/2017\/10\/IMG-20171010-WA0007-300x169.jpg 300w, http:\/\/splsr.com.uy\/wp-content\/uploads\/2017\/10\/IMG-20171010-WA0007-768x432.jpg 768w, http:\/\/splsr.com.uy\/wp-content\/uploads\/2017\/10\/IMG-20171010-WA0007.jpg 1600w\" sizes=\"(max-width: 640px) 100vw, 640px\" \/><br \/>\n<img decoding=\"async\" loading=\"lazy\" class=\"aligncenter size-large wp-image-907\" src=\"http:\/\/splsr.com.uy\/wp-content\/uploads\/2017\/10\/IMG-20171010-WA0006-1024x576.jpg\" alt=\"\" width=\"640\" height=\"360\" srcset=\"http:\/\/splsr.com.uy\/wp-content\/uploads\/2017\/10\/IMG-20171010-WA0006-1024x576.jpg 1024w, http:\/\/splsr.com.uy\/wp-content\/uploads\/2017\/10\/IMG-20171010-WA0006-300x169.jpg 300w, http:\/\/splsr.com.uy\/wp-content\/uploads\/2017\/10\/IMG-20171010-WA0006-768x432.jpg 768w, http:\/\/splsr.com.uy\/wp-content\/uploads\/2017\/10\/IMG-20171010-WA0006.jpg 1600w\" sizes=\"(max-width: 640px) 100vw, 640px\" \/><\/h3>\n<hr \/>\n<h3><strong>\u00a0<\/strong><br \/>\n<strong> Venta Tractor Jhon Deere Consulta cel.:099 792 833<\/strong><br \/>\n<img decoding=\"async\" loading=\"lazy\" class=\"aligncenter size-full wp-image-911\" src=\"http:\/\/splsr.com.uy\/wp-content\/uploads\/2017\/10\/1507824351171.jpg\" alt=\"\" width=\"400\" height=\"225\" srcset=\"http:\/\/splsr.com.uy\/wp-content\/uploads\/2017\/10\/1507824351171.jpg 400w, http:\/\/splsr.com.uy\/wp-content\/uploads\/2017\/10\/1507824351171-300x169.jpg 300w\" sizes=\"(max-width: 400px) 100vw, 400px\" \/><br \/>\n<img decoding=\"async\" loading=\"lazy\" class=\"aligncenter size-full wp-image-912\" src=\"http:\/\/splsr.com.uy\/wp-content\/uploads\/2017\/10\/1507824351311.jpg\" alt=\"\" width=\"400\" height=\"225\" srcset=\"http:\/\/splsr.com.uy\/wp-content\/uploads\/2017\/10\/1507824351311.jpg 400w, http:\/\/splsr.com.uy\/wp-content\/uploads\/2017\/10\/1507824351311-300x169.jpg 300w\" sizes=\"(max-width: 400px) 100vw, 400px\" \/><br \/>\n<img decoding=\"async\" loading=\"lazy\" class=\"aligncenter size-full wp-image-910\" src=\"http:\/\/splsr.com.uy\/wp-content\/uploads\/2017\/10\/1507824351053.jpg\" alt=\"\" width=\"400\" height=\"225\" srcset=\"http:\/\/splsr.com.uy\/wp-content\/uploads\/2017\/10\/1507824351053.jpg 400w, http:\/\/splsr.com.uy\/wp-content\/uploads\/2017\/10\/1507824351053-300x169.jpg 300w\" sizes=\"(max-width: 400px) 100vw, 400px\" \/><br \/>\n<img decoding=\"async\" loading=\"lazy\" class=\"aligncenter size-full wp-image-909\" src=\"http:\/\/splsr.com.uy\/wp-content\/uploads\/2017\/10\/1507824350893.jpg\" alt=\"\" width=\"225\" height=\"400\" srcset=\"http:\/\/splsr.com.uy\/wp-content\/uploads\/2017\/10\/1507824350893.jpg 225w, http:\/\/splsr.com.uy\/wp-content\/uploads\/2017\/10\/1507824350893-169x300.jpg 169w\" sizes=\"(max-width: 225px) 100vw, 225px\" \/><\/h3>\n<hr \/>\n<p>SPLSR pone a disposici\u00f3n de los socios un espacio virtual de forma gratuita que les permite ponerse en comunicaci\u00f3n mediante Internet para encontrar una forma de vender o comprar servicios o bienes. SPLSR no es el propietario de los art\u00edculos ofrecidos, no tiene posesi\u00f3n de ellos ni los ofrece en venta. No interviene en las operaciones realizadas entre los usuarios ni en las condiciones por ellos estipuladas para las mismas, por ello no ser\u00e1 responsable respecto de la existencia, calidad, cantidad, estado, integridad o legitimidad de los bienes ofrecidos, adquiridos o enajenados por los Usuarios.<\/p>\n<p>En ning\u00fan caso SPLSR ser\u00e1 responsable por lucro cesante, o por cualquier otro da\u00f1o y\/o perjuicio que haya podido sufrir el Usuario, debido a las operaciones realizadas o no realizadas por art\u00edculos publicados.<\/p>\n<p>La Sociedad de Productores de Leche de San Ram\u00f3n se reserva el derecho de publicaci\u00f3n.<\/p>\n<hr \/>\n","protected":false},"excerpt":{"rendered":"<p>SPLSR pone a disposici\u00f3n de los socios un espacio virtual de forma gratuita que les permite ponerse en comunicaci\u00f3n mediante Internet para encontrar una forma de vender o comprar servicios o bienes. &nbsp; Venta Sembradora Semeato- Siembra Directa (Ma\u00edz, soja y sorgo) Consulta cel.:099 080 415 \u00a0 Venta Tractor Jhon Deere Consulta cel.:099 792 833 [&hellip;]<\/p>\n","protected":false},"author":1,"featured_media":0,"parent":0,"menu_order":0,"comment_status":"closed","ping_status":"closed","template":"","meta":[],"_links":{"self":[{"href":"http:\/\/splsr.com.uy\/index.php?rest_route=\/wp\/v2\/pages\/905"}],"collection":[{"href":"http:\/\/splsr.com.uy\/index.php?rest_route=\/wp\/v2\/pages"}],"about":[{"href":"http:\/\/splsr.com.uy\/index.php?rest_route=\/wp\/v2\/types\/page"}],"author":[{"embeddable":true,"href":"http:\/\/splsr.com.uy\/index.php?rest_route=\/wp\/v2\/users\/1"}],"replies":[{"embeddable":true,"href":"http:\/\/splsr.com.uy\/index.php?rest_route=%2Fwp%2Fv2%2Fcomments&post=905"}],"version-history":[{"count":0,"href":"http:\/\/splsr.com.uy\/index.php?rest_route=\/wp\/v2\/pages\/905\/revisions"}],"wp:attachment":[{"href":"http:\/\/splsr.com.uy\/index.php?rest_route=%2Fwp%2Fv2%2Fmedia&parent=905"}],"curies":[{"name":"wp","href":"https:\/\/api.w.org\/{rel}","templated":true}]}}