{"id":92,"date":"2016-12-20T01:14:11","date_gmt":"2016-12-20T01:14:11","guid":{"rendered":"http:\/\/splsr.com.uy\/?page_id=92"},"modified":"2017-04-26T15:07:21","modified_gmt":"2017-04-26T15:07:21","slug":"encuentro-familiar-recreativo","status":"publish","type":"page","link":"http:\/\/splsr.com.uy\/?page_id=92","title":{"rendered":"Encuentro Familiar Recreativo"},"content":{"rendered":"<p>El Encuentro Familiar Recreativo es una actividad que se realiza con motivo de despedir el a\u00f1o, y que tiene por \u00fanico objetivo el de integrar a las familias socias. En este encuentro, organizado por el grupo de j\u00f3venes se comparte un almuerzo, juegos de integraci\u00f3n y premios.<\/p>\n<p>Es un cl\u00e1sico de todos los diciembre para las familias de la gremial que a\u00f1o tras a\u00f1o, apuestan al encuentro, y que al igual que en el tambo, conviven todas las generaciones.<\/p>\n","protected":false},"excerpt":{"rendered":"<p>El Encuentro Familiar Recreativo es una actividad que se realiza con motivo de despedir el a\u00f1o, y que tiene por \u00fanico objetivo el de integrar a las familias socias. En este encuentro, organizado por el grupo de j\u00f3venes se comparte un almuerzo, juegos de integraci\u00f3n y premios. Es un cl\u00e1sico de todos los diciembre para [&hellip;]<\/p>\n","protected":false},"author":1,"featured_media":0,"parent":0,"menu_order":0,"comment_status":"closed","ping_status":"closed","template":"","meta":[],"_links":{"self":[{"href":"http:\/\/splsr.com.uy\/index.php?rest_route=\/wp\/v2\/pages\/92"}],"collection":[{"href":"http:\/\/splsr.com.uy\/index.php?rest_route=\/wp\/v2\/pages"}],"about":[{"href":"http:\/\/splsr.com.uy\/index.php?rest_route=\/wp\/v2\/types\/page"}],"author":[{"embeddable":true,"href":"http:\/\/splsr.com.uy\/index.php?rest_route=\/wp\/v2\/users\/1"}],"replies":[{"embeddable":true,"href":"http:\/\/splsr.com.uy\/index.php?rest_route=%2Fwp%2Fv2%2Fcomments&post=92"}],"version-history":[{"count":0,"href":"http:\/\/splsr.com.uy\/index.php?rest_route=\/wp\/v2\/pages\/92\/revisions"}],"wp:attachment":[{"href":"http:\/\/splsr.com.uy\/index.php?rest_route=%2Fwp%2Fv2%2Fmedia&parent=92"}],"curies":[{"name":"wp","href":"https:\/\/api.w.org\/{rel}","templated":true}]}}